{"id":53,"date":"2020-02-12T21:38:20","date_gmt":"2020-02-12T20:38:20","guid":{"rendered":"http:\/\/www.pm-komplexniuklid.cz\/?page_id=53"},"modified":"2020-04-21T11:18:18","modified_gmt":"2020-04-21T09:18:18","slug":"kontakt","status":"publish","type":"page","link":"https:\/\/www.pm-komplexniuklid.cz\/?page_id=53","title":{"rendered":"Kontakt"},"content":{"rendered":"\n<h2><strong>Komplexn\u00ed \u00faklid s.r.o.<\/strong><\/h2>\n\n\n\n<p class=\"has-medium-font-size\">Petra Vlasov\u00e1 Vejvodov\u00e1&nbsp;  <\/p>\n\n\n\n<p class=\"has-medium-font-size\">Dopravn\u00ed 711<\/p>\n\n\n\n<p class=\"has-medium-font-size\">Vratislavice nad Nisou<\/p>\n\n\n\n<p class=\"has-medium-font-size\">463 11  Liberec<\/p>\n\n\n\n<p class=\"has-medium-font-size\"><strong>I\u010c: 07257562<\/strong> <\/p>\n\n\n\n<p class=\"has-medium-font-size\"><strong>DI\u010c: CZ07257562 <\/strong><\/p>\n\n\n\n<p class=\"has-medium-font-size\"><strong>\u010c\u00edslo \u00fa\u010dtu: 5586304329\/0800 \u010cesk\u00e1 Spo\u0159itelna a.s.<\/strong><\/p>\n\n\n\n<p class=\"has-medium-font-size\"> <strong>Tel.:<\/strong> <strong> +420 731 442 200 <\/strong><\/p>\n\n\n\n<p class=\"has-medium-font-size\"><strong>e-mail:<\/strong> <a href=\"mailto:info@pm-komplexniuklid.cz\">info@pm-komplexniuklid.cz<\/a><\/p>\n\n\n\n<h2>&#8212;&#8212;&#8212;&#8212;&#8212;&#8212;&#8212;&#8212;&#8212;&#8212;&#8212;&#8212;&#8212;&#8212;&#8212;&#8212;&#8212;&#8212;&#8212;&#8212;&#8212;&#8212;&#8212;&#8212;&#8212;&#8212;&#8212;&#8212;&#8212;&#8212;&#8212;&#8212;&#8212;&#8212;&#8212;&#8212;&#8212;&#8212;&#8212;-<\/h2>\n\n\n\n<h2><strong>Provozovna:<\/strong> <\/h2>\n\n\n\n<p class=\"has-medium-font-size\">Dopravn\u00ed 711<\/p>\n\n\n\n<p class=\"has-medium-font-size\">Liberec \u2013 Vratislavice nad Nisou<\/p>\n\n\n\n<p class=\"has-medium-font-size\">463 11<\/p>\n\n\n\n<h2><strong>Administrativa: <\/strong><\/h2>\n\n\n\n<p class=\"has-medium-font-size\"><strong>Tel.: +420 604 615 609<\/strong><\/p>\n","protected":false},"excerpt":{"rendered":"<p>Komplexn\u00ed \u00faklid s.r.o. Petra Vlasov\u00e1 Vejvodov\u00e1&nbsp; Dopravn\u00ed 711 Vratislavice nad Nisou 463 11 Liberec I\u010c: 07257562 DI\u010c: CZ07257562 \u010c\u00edslo \u00fa\u010dtu: 5586304329\/0800 \u010cesk\u00e1 Spo\u0159itelna a.s. Tel.: +420 731 442 200 e-mail: info@pm-komplexniuklid.cz &#8212;&#8212;&#8212;&#8212;&#8212;&#8212;&#8212;&#8212;&#8212;&#8212;&#8212;&#8212;&#8212;&#8212;&#8212;&#8212;&#8212;&#8212;&#8212;&#8212;&#8212;&#8212;&#8212;&#8212;&#8212;&#8212;&#8212;&#8212;&#8212;&#8212;&#8212;&#8212;&#8212;&#8212;&#8212;&#8212;&#8212;&#8212;&#8212;- Provozovna: Dopravn\u00ed 711 Liberec \u2013 Vratislavice nad Nisou 463 11 Administrativa: Tel.: +420 604 615 609<\/p>\n","protected":false},"author":1,"featured_media":0,"parent":0,"menu_order":0,"comment_status":"closed","ping_status":"closed","template":"","meta":[],"_links":{"self":[{"href":"https:\/\/www.pm-komplexniuklid.cz\/index.php?rest_route=\/wp\/v2\/pages\/53"}],"collection":[{"href":"https:\/\/www.pm-komplexniuklid.cz\/index.php?rest_route=\/wp\/v2\/pages"}],"about":[{"href":"https:\/\/www.pm-komplexniuklid.cz\/index.php?rest_route=\/wp\/v2\/types\/page"}],"author":[{"embeddable":true,"href":"https:\/\/www.pm-komplexniuklid.cz\/index.php?rest_route=\/wp\/v2\/users\/1"}],"replies":[{"embeddable":true,"href":"https:\/\/www.pm-komplexniuklid.cz\/index.php?rest_route=%2Fwp%2Fv2%2Fcomments&post=53"}],"version-history":[{"count":33,"href":"https:\/\/www.pm-komplexniuklid.cz\/index.php?rest_route=\/wp\/v2\/pages\/53\/revisions"}],"predecessor-version":[{"id":282,"href":"https:\/\/www.pm-komplexniuklid.cz\/index.php?rest_route=\/wp\/v2\/pages\/53\/revisions\/282"}],"wp:attachment":[{"href":"https:\/\/www.pm-komplexniuklid.cz\/index.php?rest_route=%2Fwp%2Fv2%2Fmedia&parent=53"}],"curies":[{"name":"wp","href":"https:\/\/api.w.org\/{rel}","templated":true}]}}