{"id":242,"date":"2020-04-06T09:08:48","date_gmt":"2020-04-06T07:08:48","guid":{"rendered":"http:\/\/www.pm-komplexniuklid.cz\/?page_id=242"},"modified":"2020-04-06T09:46:54","modified_gmt":"2020-04-06T07:46:54","slug":"sluzby-2","status":"publish","type":"page","link":"https:\/\/www.pm-komplexniuklid.cz\/?page_id=242","title":{"rendered":"Slu\u017eby"},"content":{"rendered":"\n<p class=\"has-medium-font-size\">Text o slu\u017eb\u00e1ch obecn\u011b&#8230;<\/p>\n\n\n\n<p><\/p>\n","protected":false},"excerpt":{"rendered":"<p>Text o slu\u017eb\u00e1ch obecn\u011b&#8230;<\/p>\n","protected":false},"author":1,"featured_media":0,"parent":49,"menu_order":0,"comment_status":"closed","ping_status":"closed","template":"","meta":[],"_links":{"self":[{"href":"https:\/\/www.pm-komplexniuklid.cz\/index.php?rest_route=\/wp\/v2\/pages\/242"}],"collection":[{"href":"https:\/\/www.pm-komplexniuklid.cz\/index.php?rest_route=\/wp\/v2\/pages"}],"about":[{"href":"https:\/\/www.pm-komplexniuklid.cz\/index.php?rest_route=\/wp\/v2\/types\/page"}],"author":[{"embeddable":true,"href":"https:\/\/www.pm-komplexniuklid.cz\/index.php?rest_route=\/wp\/v2\/users\/1"}],"replies":[{"embeddable":true,"href":"https:\/\/www.pm-komplexniuklid.cz\/index.php?rest_route=%2Fwp%2Fv2%2Fcomments&post=242"}],"version-history":[{"count":8,"href":"https:\/\/www.pm-komplexniuklid.cz\/index.php?rest_route=\/wp\/v2\/pages\/242\/revisions"}],"predecessor-version":[{"id":269,"href":"https:\/\/www.pm-komplexniuklid.cz\/index.php?rest_route=\/wp\/v2\/pages\/242\/revisions\/269"}],"up":[{"embeddable":true,"href":"https:\/\/www.pm-komplexniuklid.cz\/index.php?rest_route=\/wp\/v2\/pages\/49"}],"wp:attachment":[{"href":"https:\/\/www.pm-komplexniuklid.cz\/index.php?rest_route=%2Fwp%2Fv2%2Fmedia&parent=242"}],"curies":[{"name":"wp","href":"https:\/\/api.w.org\/{rel}","templated":true}]}}