{"id":233,"date":"2020-04-06T09:02:19","date_gmt":"2020-04-06T07:02:19","guid":{"rendered":"http:\/\/www.pm-komplexniuklid.cz\/?page_id=233"},"modified":"2020-04-06T09:41:25","modified_gmt":"2020-04-06T07:41:25","slug":"kompletace-a-sortovani","status":"publish","type":"page","link":"https:\/\/www.pm-komplexniuklid.cz\/?page_id=233","title":{"rendered":"Kompletace a sortov\u00e1n\u00ed"},"content":{"rendered":"\n<h1>Kompletace a sortov\u00e1n\u00ed<\/h1>\n\n\n\n<p class=\"has-medium-font-size\">Kompletov\u00e1n\u00ed a sortov\u00e1n\u00ed produkt\u016f v\u0161eho druhu. <\/p>\n\n\n\n<p class=\"has-medium-font-size\">Spolupracujeme se spole\u010dnostmi, jako je nap\u0159\u00edklad Denso nebo Driv. Kompletaci prov\u00e1d\u00ed vy\u0161kolen\u00ed zam\u011bstnanci a ka\u017ed\u00e1 akce je v z\u00e1jmu kvality podrobn\u011b dokumentov\u00e1na.<\/p>\n\n\n\n<p class=\"has-medium-font-size\">Poskytujeme \u010distic\u00ed slu\u017eby pro pr\u00e1\u0161kov\u00e9 lakovny. <\/p>\n","protected":false},"excerpt":{"rendered":"<p>Kompletace a sortov\u00e1n\u00ed Kompletov\u00e1n\u00ed a sortov\u00e1n\u00ed produkt\u016f v\u0161eho druhu. Spolupracujeme se spole\u010dnostmi, jako je nap\u0159\u00edklad Denso nebo Driv. Kompletaci prov\u00e1d\u00ed vy\u0161kolen\u00ed zam\u011bstnanci a ka\u017ed\u00e1 akce je v z\u00e1jmu kvality podrobn\u011b dokumentov\u00e1na. Poskytujeme \u010distic\u00ed slu\u017eby pro pr\u00e1\u0161kov\u00e9 lakovny.<\/p>\n","protected":false},"author":1,"featured_media":0,"parent":0,"menu_order":0,"comment_status":"closed","ping_status":"closed","template":"","meta":[],"_links":{"self":[{"href":"https:\/\/www.pm-komplexniuklid.cz\/index.php?rest_route=\/wp\/v2\/pages\/233"}],"collection":[{"href":"https:\/\/www.pm-komplexniuklid.cz\/index.php?rest_route=\/wp\/v2\/pages"}],"about":[{"href":"https:\/\/www.pm-komplexniuklid.cz\/index.php?rest_route=\/wp\/v2\/types\/page"}],"author":[{"embeddable":true,"href":"https:\/\/www.pm-komplexniuklid.cz\/index.php?rest_route=\/wp\/v2\/users\/1"}],"replies":[{"embeddable":true,"href":"https:\/\/www.pm-komplexniuklid.cz\/index.php?rest_route=%2Fwp%2Fv2%2Fcomments&post=233"}],"version-history":[{"count":2,"href":"https:\/\/www.pm-komplexniuklid.cz\/index.php?rest_route=\/wp\/v2\/pages\/233\/revisions"}],"predecessor-version":[{"id":263,"href":"https:\/\/www.pm-komplexniuklid.cz\/index.php?rest_route=\/wp\/v2\/pages\/233\/revisions\/263"}],"wp:attachment":[{"href":"https:\/\/www.pm-komplexniuklid.cz\/index.php?rest_route=%2Fwp%2Fv2%2Fmedia&parent=233"}],"curies":[{"name":"wp","href":"https:\/\/api.w.org\/{rel}","templated":true}]}}