{"id":232,"date":"2020-04-06T09:02:18","date_gmt":"2020-04-06T07:02:18","guid":{"rendered":"http:\/\/www.pm-komplexniuklid.cz\/?page_id=232"},"modified":"2020-04-06T09:40:12","modified_gmt":"2020-04-06T07:40:12","slug":"cisteni-maskovani","status":"publish","type":"page","link":"https:\/\/www.pm-komplexniuklid.cz\/?page_id=232","title":{"rendered":"\u010ci\u0161t\u011bn\u00ed maskov\u00e1n\u00ed"},"content":{"rendered":"\n<h1>\u010ci\u0161t\u011bn\u00ed a maskov\u00e1n\u00ed<\/h1>\n\n\n\n<p class=\"has-medium-font-size\">Poskytujeme \u010distic\u00ed slu\u017eby pro pr\u00e1\u0161kov\u00e9 lakovny. <\/p>\n\n\n\n<p class=\"has-medium-font-size\">Jako jedin\u00ed v \u010cesk\u00e9 republice nab\u00edz\u00edme \u010di\u0161t\u011bn\u00ed maskov\u00e1n\u00ed z\u00a0r\u016fzn\u00fdch materi\u00e1lu (pry\u017e, silikon, kov) mechanickou cestou \u2013 tento postup v\u00fdrazn\u011b zvy\u0161uje \u017eivotnost maskov\u00e1n\u00ed p\u0159i zachov\u00e1n\u00ed jeho vlastnost\u00ed a kvality \u010di\u0161t\u011bn\u00ed.<\/p>\n","protected":false},"excerpt":{"rendered":"<p>\u010ci\u0161t\u011bn\u00ed a maskov\u00e1n\u00ed Poskytujeme \u010distic\u00ed slu\u017eby pro pr\u00e1\u0161kov\u00e9 lakovny. Jako jedin\u00ed v \u010cesk\u00e9 republice nab\u00edz\u00edme \u010di\u0161t\u011bn\u00ed maskov\u00e1n\u00ed z\u00a0r\u016fzn\u00fdch materi\u00e1lu (pry\u017e, silikon, kov) mechanickou cestou \u2013 tento postup v\u00fdrazn\u011b zvy\u0161uje \u017eivotnost maskov\u00e1n\u00ed p\u0159i zachov\u00e1n\u00ed jeho vlastnost\u00ed a kvality \u010di\u0161t\u011bn\u00ed.<\/p>\n","protected":false},"author":1,"featured_media":0,"parent":0,"menu_order":0,"comment_status":"closed","ping_status":"closed","template":"","meta":[],"_links":{"self":[{"href":"https:\/\/www.pm-komplexniuklid.cz\/index.php?rest_route=\/wp\/v2\/pages\/232"}],"collection":[{"href":"https:\/\/www.pm-komplexniuklid.cz\/index.php?rest_route=\/wp\/v2\/pages"}],"about":[{"href":"https:\/\/www.pm-komplexniuklid.cz\/index.php?rest_route=\/wp\/v2\/types\/page"}],"author":[{"embeddable":true,"href":"https:\/\/www.pm-komplexniuklid.cz\/index.php?rest_route=\/wp\/v2\/users\/1"}],"replies":[{"embeddable":true,"href":"https:\/\/www.pm-komplexniuklid.cz\/index.php?rest_route=%2Fwp%2Fv2%2Fcomments&post=232"}],"version-history":[{"count":7,"href":"https:\/\/www.pm-komplexniuklid.cz\/index.php?rest_route=\/wp\/v2\/pages\/232\/revisions"}],"predecessor-version":[{"id":262,"href":"https:\/\/www.pm-komplexniuklid.cz\/index.php?rest_route=\/wp\/v2\/pages\/232\/revisions\/262"}],"wp:attachment":[{"href":"https:\/\/www.pm-komplexniuklid.cz\/index.php?rest_route=%2Fwp%2Fv2%2Fmedia&parent=232"}],"curies":[{"name":"wp","href":"https:\/\/api.w.org\/{rel}","templated":true}]}}