{"id":230,"date":"2020-04-06T09:02:18","date_gmt":"2020-04-06T07:02:18","guid":{"rendered":"http:\/\/www.pm-komplexniuklid.cz\/?page_id=230"},"modified":"2020-04-06T09:13:48","modified_gmt":"2020-04-06T07:13:48","slug":"uklidove-sluzby","status":"publish","type":"page","link":"https:\/\/www.pm-komplexniuklid.cz\/?page_id=230","title":{"rendered":"\u00daklidov\u00e9 slu\u017eby"},"content":{"rendered":"\n<h1>\u00daklidov\u00e9 slu\u017eby<\/h1>\n\n\n\n<p class=\"has-medium-font-size\">V oblasti \u00faklidov\u00fdch slu\u017eeb poskytujeme jednor\u00e1zov\u00fd \u00faklid \u2013 tato slu\u017eba je prov\u00e1d\u011bna speci\u00e1ln\u011b vy\u0161kolen\u00fdch t\u00fdmem a je vyu\u017e\u00edv\u00e1na p\u0159ev\u00e1\u017en\u011b v p\u0159\u00edpad\u011b hav\u00e1ri\u00ed, a pravideln\u00fd \u00faklid \u2013 \u00faklid kancel\u00e1\u0159\u00ed, dom\u00e1cnost\u00ed a pr\u016fmyslov\u00fdch objekt\u016f.<\/p>\n\n\n\n<p><\/p>\n\n\n\n<h1>Seznam speci\u00e1ln\u00edch \u00faklidov\u00fdch prac\u00ed:<\/h1>\n\n\n\n<p class=\"has-medium-font-size\">&#8211; stavebn\u00ed (po stavebn\u00ed) \u00faklidov\u00e9 pr\u00e1ce, kolauda\u010dn\u00ed \u00faklidy<\/p>\n\n\n\n<p class=\"has-medium-font-size\">&#8211; pravideln\u00e9 i jednor\u00e1zov\u00e9 \u00faklidy na stavb\u00e1ch<\/p>\n\n\n\n<p class=\"has-medium-font-size\">&#8211; \u010di\u0161t\u011bn\u00ed maskov\u00e1n\u00ed (kovov\u00e9, pry\u017eov\u00e9, silikonov\u00e9), plug\u016f<\/p>\n\n\n\n<p class=\"has-medium-font-size\">&#8211; \u010di\u0161t\u011bn\u00ed z\u00e1v\u011bs\u016f<\/p>\n\n\n\n<p class=\"has-medium-font-size\"> &#8211; \u00faklid v\u00fdrobn\u00edho za\u0159\u00edzen\u00ed, \u010di\u0161t\u011bn\u00ed stroj\u016f<\/p>\n\n\n\n<p class=\"has-medium-font-size\"> &#8211; \u00faklid ve v\u00fdrobn\u00edch hal\u00e1ch<\/p>\n\n\n\n<p class=\"has-medium-font-size\"> &#8211; \u00faklid v potravin\u00e1\u0159sk\u00e9m pr\u016fmyslu<\/p>\n\n\n\n<p class=\"has-medium-font-size\"> &#8211; \u010dist\u011bn\u00ed pr\u00e1\u0161kov\u00e9 lakovny i mokr\u00e9 lakovny<\/p>\n\n\n\n<p class=\"has-medium-font-size\"> &#8211; \u00faklid ve zdravotnictv\u00ed<\/p>\n\n\n\n<p class=\"has-medium-font-size\"> &#8211; \u00faklid v restaura\u010dn\u00edch za\u0159\u00edzen\u00edch (v kuchyn\u00edch)<\/p>\n\n\n\n<p class=\"has-medium-font-size\"> &#8211; \u010di\u0161t\u011bn\u00ed klimatizace, vzduchotechniky, kompresor\u016f, kabel\u00e1\u017e\u00ed apod.<\/p>\n\n\n\n<p class=\"has-medium-font-size\"> &#8211; hloubkov\u00e9 strojov\u00e9 \u010di\u0161t\u011bn\u00ed podlah a jejich n\u00e1sledn\u00e9 o\u0161et\u0159en\u00ed<\/p>\n\n\n\n<p class=\"has-medium-font-size\"> &#8211; stavebn\u00ed (po stavebn\u00ed) \u00faklidov\u00e9 pr\u00e1ce, kolauda\u010dn\u00ed \u00faklidy<\/p>\n\n\n\n<p class=\"has-medium-font-size\"> &#8211; pravideln\u00e9 i jednor\u00e1zov\u00e9 \u00faklidy na stavb\u00e1ch<\/p>\n\n\n\n<p class=\"has-medium-font-size\"> &#8211; \u00faklidy stavebn\u00edch bu\u0148kovi\u0161\u0165 apod. <\/p>\n","protected":false},"excerpt":{"rendered":"<p>\u00daklidov\u00e9 slu\u017eby V oblasti \u00faklidov\u00fdch slu\u017eeb poskytujeme jednor\u00e1zov\u00fd \u00faklid \u2013 tato slu\u017eba je prov\u00e1d\u011bna speci\u00e1ln\u011b vy\u0161kolen\u00fdch t\u00fdmem a je vyu\u017e\u00edv\u00e1na p\u0159ev\u00e1\u017en\u011b v p\u0159\u00edpad\u011b hav\u00e1ri\u00ed, a pravideln\u00fd \u00faklid \u2013 \u00faklid kancel\u00e1\u0159\u00ed, dom\u00e1cnost\u00ed a pr\u016fmyslov\u00fdch objekt\u016f. Seznam speci\u00e1ln\u00edch \u00faklidov\u00fdch prac\u00ed: &#8211; stavebn\u00ed (po stavebn\u00ed) \u00faklidov\u00e9 pr\u00e1ce, kolauda\u010dn\u00ed \u00faklidy &#8211; pravideln\u00e9 i jednor\u00e1zov\u00e9 \u00faklidy na stavb\u00e1ch &#8211; \u010di\u0161t\u011bn\u00ed [&hellip;]<\/p>\n","protected":false},"author":1,"featured_media":0,"parent":0,"menu_order":0,"comment_status":"closed","ping_status":"closed","template":"","meta":[],"_links":{"self":[{"href":"https:\/\/www.pm-komplexniuklid.cz\/index.php?rest_route=\/wp\/v2\/pages\/230"}],"collection":[{"href":"https:\/\/www.pm-komplexniuklid.cz\/index.php?rest_route=\/wp\/v2\/pages"}],"about":[{"href":"https:\/\/www.pm-komplexniuklid.cz\/index.php?rest_route=\/wp\/v2\/types\/page"}],"author":[{"embeddable":true,"href":"https:\/\/www.pm-komplexniuklid.cz\/index.php?rest_route=\/wp\/v2\/users\/1"}],"replies":[{"embeddable":true,"href":"https:\/\/www.pm-komplexniuklid.cz\/index.php?rest_route=%2Fwp%2Fv2%2Fcomments&post=230"}],"version-history":[{"count":2,"href":"https:\/\/www.pm-komplexniuklid.cz\/index.php?rest_route=\/wp\/v2\/pages\/230\/revisions"}],"predecessor-version":[{"id":246,"href":"https:\/\/www.pm-komplexniuklid.cz\/index.php?rest_route=\/wp\/v2\/pages\/230\/revisions\/246"}],"wp:attachment":[{"href":"https:\/\/www.pm-komplexniuklid.cz\/index.php?rest_route=%2Fwp%2Fv2%2Fmedia&parent=230"}],"curies":[{"name":"wp","href":"https:\/\/api.w.org\/{rel}","templated":true}]}}